{"id":12,"date":"2025-10-20T05:21:46","date_gmt":"2025-10-20T05:21:46","guid":{"rendered":"https:\/\/159.edukovac.xyz\/?page_id=12"},"modified":"2025-10-23T11:07:10","modified_gmt":"2025-10-23T11:07:10","slug":"kora-narandze","status":"publish","type":"page","link":"https:\/\/159.edukovac.xyz\/index.php\/kora-narandze\/","title":{"rendered":"Kora narand\u017ee"},"content":{"rendered":"<p>[et_pb_section fb_built=&#8220;1&#8243; _builder_version=&#8220;4.15.1&#8243; _module_preset=&#8220;default&#8220; global_colors_info=&#8220;{}&#8220;][et_pb_row _builder_version=&#8220;4.15.1&#8243; _module_preset=&#8220;default&#8220; hover_enabled=&#8220;0&#8243; global_colors_info=&#8220;{}&#8220; use_custom_gutter=&#8220;on&#8220; make_equal=&#8220;on&#8220; width=&#8220;50%&#8220; max_width=&#8220;1234px&#8220; sticky_enabled=&#8220;0&#8243;][et_pb_column type=&#8220;4_4&#8243; _builder_version=&#8220;4.15.1&#8243; _module_preset=&#8220;default&#8220; global_colors_info=&#8220;{}&#8220;][et_pb_slider show_cta_on_mobile=&#8220;off&#8220; show_image_video_mobile=&#8220;on&#8220; use_bg_overlay=&#8220;off&#8220; use_text_overlay=&#8220;on&#8220; text_border_radius=&#8220;15px&#8220; disabled_on=&#8220;on|on|on&#8220; _builder_version=&#8220;4.15.1&#8243; _module_preset=&#8220;default&#8220; use_background_color_gradient=&#8220;on&#8220; background_color_gradient_start=&#8220;#e06100&#8243; background_color_gradient_end=&#8220;#ffffff&#8220; background_color_gradient_direction=&#8220;196deg&#8220; background_enable_image=&#8220;off&#8220; animation_style=&#8220;fold&#8220; animation_duration=&#8220;1050ms&#8220; auto=&#8220;on&#8220; box_shadow_style_image=&#8220;preset1&#8243; box_shadow_horizontal_image=&#8220;22px&#8220; box_shadow_vertical_image=&#8220;20px&#8220; box_shadow_blur_image=&#8220;35px&#8220; text_shadow_style=&#8220;preset5&#8243; text_shadow_horizontal_length=&#8220;-0.01em&#8220; disabled=&#8220;on&#8220; global_colors_info=&#8220;{}&#8220;][et_pb_slide heading=&#8220;Kora narand\u017ee&#8220; button_text=&#8220;klikni ovde &#8220; image=&#8220;http:\/\/159.edukovac.xyz\/wp-content\/uploads\/2025\/10\/1.jpg&#8220; _builder_version=&#8220;4.15.1&#8243; _module_preset=&#8220;default&#8220; global_colors_info=&#8220;{}&#8220; sticky_transition=&#8220;on&#8220;]<\/p>\n<p><strong data-start=\"148\" data-end=\"216\">U svakoj kori \u2013 miris pro\u0161losti, gor\u010dina istine i slatko\u0107a nade.<\/strong><br data-start=\"216\" data-end=\"219\" \/>Ova zbirka poezije ogoljava trenutke koji su tiho oblikovali srce.<br data-start=\"285\" data-end=\"288\" \/>Ako voli\u0161 stihove \u0161to ostaju dugo posle \u010ditanja \u2013 zakora\u010di unutra.<\/p>\n<p>[\/et_pb_slide][et_pb_slide heading=&#8220;Your Title Goes Here&#8220; button_text=&#8220;Click Here&#8220; _builder_version=&#8220;4.15.1&#8243; _module_preset=&#8220;default&#8220; global_colors_info=&#8220;{}&#8220; sticky_transition=&#8220;on&#8220;]<\/p>\n<p>Your content goes here. Edit or remove this text inline or in the module Content settings. You can also style every aspect of this content in the module Design settings and even apply custom CSS to this text in the module Advanced settings.<\/p>\n<p>[\/et_pb_slide][et_pb_slide heading=&#8220;Kora narand\u017ee&#8220; button_text=&#8220;klikni&#8220; button_link=&#8220;https:\/\/www.instagram.com\/zapadno_od_sunca_\/&#8220; image=&#8220;http:\/\/159.edukovac.xyz\/wp-content\/uploads\/2025\/10\/22.jpg&#8220; _builder_version=&#8220;4.15.1&#8243; _module_preset=&#8220;default&#8220; global_colors_info=&#8220;{}&#8220; sticky_transition=&#8220;on&#8220;]<\/p>\n<p><strong data-start=\"148\" data-end=\"216\">U svakoj kori \u2013 miris pro\u0161losti, gor\u010dina istine i slatko\u0107a nade.<\/strong><br data-start=\"216\" data-end=\"219\" \/>Ova zbirka poezije ogoljava trenutke koji su tiho oblikovali srce.<br data-start=\"285\" data-end=\"288\" \/>Ako voli\u0161 stihove \u0161to ostaju dugo posle \u010ditanja \u2013 zakora\u010di unutra.<\/p>\n<p>[\/et_pb_slide][\/et_pb_slider][\/et_pb_column][\/et_pb_row][et_pb_row column_structure=&#8220;2_5,3_5&#8243; _builder_version=&#8220;4.15.1&#8243; _module_preset=&#8220;default&#8220; global_colors_info=&#8220;{}&#8220;][et_pb_column type=&#8220;2_5&#8243; _builder_version=&#8220;4.15.1&#8243; _module_preset=&#8220;default&#8220; global_colors_info=&#8220;{}&#8220;][\/et_pb_column][et_pb_column type=&#8220;3_5&#8243; _builder_version=&#8220;4.15.1&#8243; _module_preset=&#8220;default&#8220; global_colors_info=&#8220;{}&#8220;][\/et_pb_column][\/et_pb_row][\/et_pb_section]<\/p>\n","protected":false},"excerpt":{"rendered":"<p>U svakoj kori \u2013 miris pro\u0161losti, gor\u010dina istine i slatko\u0107a nade.Ova zbirka poezije ogoljava trenutke koji su tiho oblikovali srce.Ako voli\u0161 stihove \u0161to ostaju dugo posle \u010ditanja \u2013 zakora\u010di unutra.Your content goes here. Edit or remove this text inline or in the module Content settings. You can also style every aspect of this content in [&hellip;]<\/p>\n","protected":false},"author":1,"featured_media":0,"parent":0,"menu_order":0,"comment_status":"closed","ping_status":"closed","template":"","meta":{"_et_pb_use_builder":"on","_et_pb_old_content":"","_et_gb_content_width":"","footnotes":""},"class_list":["post-12","page","type-page","status-publish","hentry"],"jetpack_sharing_enabled":true,"_links":{"self":[{"href":"https:\/\/159.edukovac.xyz\/index.php\/wp-json\/wp\/v2\/pages\/12","targetHints":{"allow":["GET"]}}],"collection":[{"href":"https:\/\/159.edukovac.xyz\/index.php\/wp-json\/wp\/v2\/pages"}],"about":[{"href":"https:\/\/159.edukovac.xyz\/index.php\/wp-json\/wp\/v2\/types\/page"}],"author":[{"embeddable":true,"href":"https:\/\/159.edukovac.xyz\/index.php\/wp-json\/wp\/v2\/users\/1"}],"replies":[{"embeddable":true,"href":"https:\/\/159.edukovac.xyz\/index.php\/wp-json\/wp\/v2\/comments?post=12"}],"version-history":[{"count":6,"href":"https:\/\/159.edukovac.xyz\/index.php\/wp-json\/wp\/v2\/pages\/12\/revisions"}],"predecessor-version":[{"id":98,"href":"https:\/\/159.edukovac.xyz\/index.php\/wp-json\/wp\/v2\/pages\/12\/revisions\/98"}],"wp:attachment":[{"href":"https:\/\/159.edukovac.xyz\/index.php\/wp-json\/wp\/v2\/media?parent=12"}],"curies":[{"name":"wp","href":"https:\/\/api.w.org\/{rel}","templated":true}]}}