{"id":23,"date":"2025-10-21T12:34:42","date_gmt":"2025-10-21T12:34:42","guid":{"rendered":"https:\/\/159.edukovac.xyz\/?page_id=23"},"modified":"2025-10-23T11:02:04","modified_gmt":"2025-10-23T11:02:04","slug":"kontakt","status":"publish","type":"page","link":"https:\/\/159.edukovac.xyz\/index.php\/kontakt\/","title":{"rendered":"Kontakt"},"content":{"rendered":"<p>[et_pb_section fb_built=&#8220;1&#8243; admin_label=&#8220;Header &#038; Contact&#8220; _builder_version=&#8220;4.25.1&#8243; _module_preset=&#8220;default&#8220; background_color=&#8220;gcid-695690f7-1400-435d-ab5d-81e5d8a43692&#8243; collapsed=&#8220;on&#8220; global_colors_info=&#8220;{%22gcid-695690f7-1400-435d-ab5d-81e5d8a43692%22:%91%22background_color%22%93}&#8220;][et_pb_row column_structure=&#8220;1_2,1_2&#8243; _builder_version=&#8220;4.25.1&#8243; _module_preset=&#8220;default&#8220; hover_enabled=&#8220;0&#8243; global_colors_info=&#8220;{}&#8220; sticky_enabled=&#8220;0&#8243;][et_pb_column type=&#8220;1_2&#8243; _builder_version=&#8220;4.15.1&#8243; _module_preset=&#8220;default&#8220; hover_enabled=&#8220;0&#8243; global_colors_info=&#8220;{}&#8220; sticky_enabled=&#8220;0&#8243;][et_pb_text quote_border_color=&#8220;#bf6631&#8243; _builder_version=&#8220;4.15.1&#8243; _module_preset=&#8220;63bc4c4e-1a58-4463-854f-4409824063e0&#8243; text_font=&#8220;Adamina||||||||&#8220; text_font_size=&#8220;16px&#8220; text_line_height=&#8220;1.8em&#8220; link_text_color=&#8220;#bf6631&#8243; quote_font=&#8220;Cormorant Garamond|&#8211;et_global_heading_font_weight|||||||&#8220; quote_text_color=&#8220;#bf6631&#8243; quote_font_size=&#8220;24px&#8220; quote_line_height=&#8220;1.3em&#8220; header_font=&#8220;Cormorant Garamond|500|||||||&#8220; header_font_size=&#8220;90px&#8220; header_line_height=&#8220;1.1em&#8220; header_2_font=&#8220;Cormorant Garamond|500|||||||&#8220; header_2_font_size=&#8220;54px&#8220; header_2_line_height=&#8220;1.2em&#8220; header_3_font=&#8220;Cormorant Garamond|500|||||||&#8220; header_3_font_size=&#8220;36px&#8220; header_3_line_height=&#8220;1.2em&#8220; header_4_font=&#8220;Cormorant Garamond|500|||||||&#8220; header_4_font_size=&#8220;24px&#8220; header_4_line_height=&#8220;1.3em&#8220; header_5_font=&#8220;Cormorant Garamond|500|||||||&#8220; header_5_font_size=&#8220;20px&#8220; header_5_line_height=&#8220;1.4em&#8220; header_6_font=&#8220;Cormorant Garamond|500|||||||&#8220; header_6_font_size=&#8220;18px&#8220; header_6_line_height=&#8220;1.4em&#8220; hover_enabled=&#8220;0&#8243; text_font_size_tablet=&#8220;15px&#8220; text_font_size_phone=&#8220;14px&#8220; text_font_size_last_edited=&#8220;on|desktop&#8220; quote_font_size_tablet=&#8220;20px&#8220; quote_font_size_phone=&#8220;16px&#8220; quote_font_size_last_edited=&#8220;on|desktop&#8220; header_font_size_tablet=&#8220;40px&#8220; header_font_size_phone=&#8220;26px&#8220; header_font_size_last_edited=&#8220;on|desktop&#8220; header_2_font_size_tablet=&#8220;32px&#8220; header_2_font_size_phone=&#8220;22px&#8220; header_2_font_size_last_edited=&#8220;on|desktop&#8220; header_3_font_size_tablet=&#8220;24px&#8220; header_3_font_size_phone=&#8220;20px&#8220; header_3_font_size_last_edited=&#8220;on|desktop&#8220; header_4_font_size_tablet=&#8220;20px&#8220; header_4_font_size_phone=&#8220;18px&#8220; header_4_font_size_last_edited=&#8220;on|desktop&#8220; header_5_font_size_tablet=&#8220;18px&#8220; header_5_font_size_phone=&#8220;17px&#8220; header_5_font_size_last_edited=&#8220;on|desktop&#8220; header_6_font_size_tablet=&#8220;17px&#8220; header_6_font_size_phone=&#8220;16px&#8220; header_6_font_size_last_edited=&#8220;on|desktop&#8220; locked=&#8220;off&#8220; global_colors_info=&#8220;{%22gcid-672c49ec-b8cc-4f22-a785-dec4ee1498c5%22:%91%22link_text_color%22,%22quote_text_color%22,%22quote_border_color%22%93}&#8220; sticky_enabled=&#8220;0&#8243;]<\/p>\n<p>Hvala ti \u0161to si svratio\/la u moj svet knjiga. Svaka stranica koju pro\u010dita\u0161 i svaka misao koju podelimo zna\u010de vi\u0161e nego \u0161to mo\u017ee\u0161 da zamisli\u0161. Ako ti se dopala moja knjiga, podr\u017ei njen put \u2013 pro\u010ditaj je, preporu\u010di prijatelju ili ostavi komentar.<\/p>\n<p>Do slede\u0107e pri\u010de \u2014 neka te re\u010di uvek inspiri\u0161u. \ud83d\udcd6\u2728<\/p>\n<p>[\/et_pb_text][\/et_pb_column][et_pb_column type=&#8220;1_2&#8243; _builder_version=&#8220;4.25.1&#8243; _module_preset=&#8220;default&#8220; background_color=&#8220;#FFFFFF&#8220; custom_padding=&#8220;40px|40px|40px|40px|true|true&#8220; custom_padding_tablet=&#8220;30px|30px|30px|30px|true|true&#8220; custom_padding_phone=&#8220;20px|20px|20px|20px|true|true&#8220; custom_padding_last_edited=&#8220;on|desktop&#8220; global_colors_info=&#8220;{}&#8220;][et_pb_contact_form captcha=&#8220;off&#8220; _builder_version=&#8220;4.15.1&#8243; _module_preset=&#8220;a201775d-2824-4241-aea9-fadc41e35733&#8243; _unique_id=&#8220;37352547-b97b-4413-85e2-b00056b20234&#8243; form_field_background_color=&#8220;#E06100&#8243; form_field_focus_text_color=&#8220;#000000&#8243; captcha_font=&#8220;Alatsi|700|||||||&#8220; form_field_font=&#8220;Alegreya|600||on|||||&#8220; form_field_letter_spacing=&#8220;0.06em&#8220; form_field_line_height=&#8220;1.8em&#8220; custom_button=&#8220;on&#8220; button_text_size=&#8220;14px&#8220; button_text_color=&#8220;#FFFFFF&#8220; button_bg_color=&#8220;gcid-heading-color&#8220; button_border_width=&#8220;0px&#8220; button_border_radius=&#8220;0px&#8220; button_letter_spacing=&#8220;0.06em&#8220; button_font=&#8220;|600||on|||||&#8220; button_icon=&#8220;&#xf061;||fa||900&#8243; button_on_hover=&#8220;off&#8220; button_custom_padding=&#8220;12px|40px|12px|24px|true|false&#8220; hover_enabled=&#8220;0&#8243; border_width_all=&#8220;2px&#8220; border_color_all=&#8220;#e5e2db&#8220; locked=&#8220;off&#8220; global_colors_info=&#8220;{%22gcid-heading-color%22:%91%22button_bg_color%22,%22button_bg_color%22%93,%22gcid-0ec00ca9-ec06-4784-a057-5ece2d56f250%22:%91%22button_bg_color__hover%22%93,%22gcid-695690f7-1400-435d-ab5d-81e5d8a43692%22:%91%22border_color_all%22%93}&#8220; button_bg_color__hover=&#8220;#333333&#8243; button_bg_color__hover_enabled=&#8220;off|hover&#8220; button_bg_enable_color__hover=&#8220;on&#8220; form_field_text_color=&#8220;#FFFFFF&#8220; form_field_focus_background_color=&#8220;#FFFFFF&#8220; form_field_font_size=&#8220;16px&#8220; text_orientation=&#8220;justified&#8220; captcha_font_size=&#8220;13px&#8220; sticky_enabled=&#8220;0&#8243;][et_pb_contact_field field_id=&#8220;Name&#8220; field_title=&#8220;Ime&#8220; fullwidth_field=&#8220;on&#8220; _builder_version=&#8220;4.15.1&#8243; _module_preset=&#8220;default&#8220; hover_enabled=&#8220;0&#8243; global_colors_info=&#8220;{}&#8220; button_text_size__hover_enabled=&#8220;off&#8220; button_one_text_size__hover_enabled=&#8220;off&#8220; button_two_text_size__hover_enabled=&#8220;off&#8220; button_text_color__hover_enabled=&#8220;off&#8220; button_one_text_color__hover_enabled=&#8220;off&#8220; button_two_text_color__hover_enabled=&#8220;off&#8220; button_border_width__hover_enabled=&#8220;off&#8220; button_one_border_width__hover_enabled=&#8220;off&#8220; button_two_border_width__hover_enabled=&#8220;off&#8220; button_border_color__hover_enabled=&#8220;off&#8220; button_one_border_color__hover_enabled=&#8220;off&#8220; button_two_border_color__hover_enabled=&#8220;off&#8220; button_border_radius__hover_enabled=&#8220;off&#8220; button_one_border_radius__hover_enabled=&#8220;off&#8220; button_two_border_radius__hover_enabled=&#8220;off&#8220; button_letter_spacing__hover_enabled=&#8220;off&#8220; button_one_letter_spacing__hover_enabled=&#8220;off&#8220; button_two_letter_spacing__hover_enabled=&#8220;off&#8220; button_bg_color__hover_enabled=&#8220;off&#8220; button_one_bg_color__hover_enabled=&#8220;off&#8220; button_two_bg_color__hover_enabled=&#8220;off&#8220; sticky_enabled=&#8220;0&#8243; border_width_all=&#8220;0px&#8220;][\/et_pb_contact_field][et_pb_contact_field field_id=&#8220;Email&#8220; field_title=&#8220;E-mail&#8220; field_type=&#8220;email&#8220; fullwidth_field=&#8220;on&#8220; _builder_version=&#8220;4.15.1&#8243; _module_preset=&#8220;default&#8220; hover_enabled=&#8220;0&#8243; global_colors_info=&#8220;{}&#8220; button_text_size__hover_enabled=&#8220;off&#8220; button_one_text_size__hover_enabled=&#8220;off&#8220; button_two_text_size__hover_enabled=&#8220;off&#8220; button_text_color__hover_enabled=&#8220;off&#8220; button_one_text_color__hover_enabled=&#8220;off&#8220; button_two_text_color__hover_enabled=&#8220;off&#8220; button_border_width__hover_enabled=&#8220;off&#8220; button_one_border_width__hover_enabled=&#8220;off&#8220; button_two_border_width__hover_enabled=&#8220;off&#8220; button_border_color__hover_enabled=&#8220;off&#8220; button_one_border_color__hover_enabled=&#8220;off&#8220; button_two_border_color__hover_enabled=&#8220;off&#8220; button_border_radius__hover_enabled=&#8220;off&#8220; button_one_border_radius__hover_enabled=&#8220;off&#8220; button_two_border_radius__hover_enabled=&#8220;off&#8220; button_letter_spacing__hover_enabled=&#8220;off&#8220; button_one_letter_spacing__hover_enabled=&#8220;off&#8220; button_two_letter_spacing__hover_enabled=&#8220;off&#8220; button_bg_color__hover_enabled=&#8220;off&#8220; button_one_bg_color__hover_enabled=&#8220;off&#8220; button_two_bg_color__hover_enabled=&#8220;off&#8220; sticky_enabled=&#8220;0&#8243; border_width_all=&#8220;0px&#8220;][\/et_pb_contact_field][et_pb_contact_field field_id=&#8220;Message&#8220; field_title=&#8220;Poruka&#8220; field_type=&#8220;text&#8220; fullwidth_field=&#8220;on&#8220; _builder_version=&#8220;4.15.1&#8243; _module_preset=&#8220;default&#8220; hover_enabled=&#8220;0&#8243; global_colors_info=&#8220;{}&#8220; button_text_size__hover_enabled=&#8220;off&#8220; button_one_text_size__hover_enabled=&#8220;off&#8220; button_two_text_size__hover_enabled=&#8220;off&#8220; button_text_color__hover_enabled=&#8220;off&#8220; button_one_text_color__hover_enabled=&#8220;off&#8220; button_two_text_color__hover_enabled=&#8220;off&#8220; button_border_width__hover_enabled=&#8220;off&#8220; button_one_border_width__hover_enabled=&#8220;off&#8220; button_two_border_width__hover_enabled=&#8220;off&#8220; button_border_color__hover_enabled=&#8220;off&#8220; button_one_border_color__hover_enabled=&#8220;off&#8220; button_two_border_color__hover_enabled=&#8220;off&#8220; button_border_radius__hover_enabled=&#8220;off&#8220; button_one_border_radius__hover_enabled=&#8220;off&#8220; button_two_border_radius__hover_enabled=&#8220;off&#8220; button_letter_spacing__hover_enabled=&#8220;off&#8220; button_one_letter_spacing__hover_enabled=&#8220;off&#8220; button_two_letter_spacing__hover_enabled=&#8220;off&#8220; button_bg_color__hover_enabled=&#8220;off&#8220; button_one_bg_color__hover_enabled=&#8220;off&#8220; button_two_bg_color__hover_enabled=&#8220;off&#8220; sticky_enabled=&#8220;0&#8243; text_orientation=&#8220;left&#8220; border_width_all=&#8220;0px&#8220;][\/et_pb_contact_field][\/et_pb_contact_form][\/et_pb_column][\/et_pb_row][\/et_pb_section][et_pb_section fb_built=&#8220;1&#8243; admin_label=&#8220;Footer&#8220; _builder_version=&#8220;4.25.1&#8243; _module_preset=&#8220;default&#8220; background_color=&#8220;gcid-096a3b95-3143-414b-96db-c5cca7103179&#8243; saved_tabs=&#8220;all&#8220; collapsed=&#8220;on&#8220; global_colors_info=&#8220;{%22gcid-096a3b95-3143-414b-96db-c5cca7103179%22:%91%22background_color%22%93}&#8220;][et_pb_row _builder_version=&#8220;4.25.1&#8243; _module_preset=&#8220;default&#8220; global_colors_info=&#8220;{}&#8220;][et_pb_column type=&#8220;4_4&#8243; _builder_version=&#8220;4.25.1&#8243; _module_preset=&#8220;default&#8220; global_colors_info=&#8220;{}&#8220;][et_pb_image src=&#8220;@ET-DC@eyJkeW5hbWljIjp0cnVlLCJjb250ZW50Ijoic2l0ZV9sb2dvIiwic2V0dGluZ3MiOnt9fQ==@&#8220; url=&#8220;@ET-DC@eyJkeW5hbWljIjp0cnVlLCJjb250ZW50IjoiaG9tZV91cmwiLCJzZXR0aW5ncyI6e319@&#8220; align=&#8220;center&#8220; _builder_version=&#8220;4.25.1&#8243; _dynamic_attributes=&#8220;src,url&#8220; _module_preset=&#8220;default&#8220; global_colors_info=&#8220;{}&#8220;][\/et_pb_image][\/et_pb_column][\/et_pb_row][et_pb_row _builder_version=&#8220;4.25.1&#8243; _module_preset=&#8220;default&#8220; global_colors_info=&#8220;{}&#8220;][et_pb_column type=&#8220;4_4&#8243; _builder_version=&#8220;4.25.1&#8243; _module_preset=&#8220;default&#8220; global_colors_info=&#8220;{}&#8220;][et_pb_text quote_border_color=&#8220;#bf6631&#8243; _builder_version=&#8220;4.25.1&#8243; _dynamic_attributes=&#8220;content&#8220; _module_preset=&#8220;ec88ce32-ef7f-4c51-966f-ea629d622cd5&#8243; text_font=&#8220;Inter||||||||&#8220; text_text_color=&#8220;#FFFFFF&#8220; text_line_height=&#8220;1.8em&#8220; link_text_color=&#8220;#bf6631&#8243; quote_font=&#8220;Cormorant Garamond|&#8211;et_global_heading_font_weight|||||||&#8220; quote_text_color=&#8220;#bf6631&#8243; quote_font_size=&#8220;24px&#8220; quote_line_height=&#8220;1.3em&#8220; header_font=&#8220;Cormorant Garamond|500|||||||&#8220; header_text_color=&#8220;#FFFFFF&#8220; header_font_size=&#8220;90px&#8220; header_line_height=&#8220;1.1em&#8220; header_2_font=&#8220;Cormorant Garamond|500|||||||&#8220; header_2_text_color=&#8220;#FFFFFF&#8220; header_2_font_size=&#8220;54px&#8220; header_2_line_height=&#8220;1.2em&#8220; header_3_font=&#8220;Cormorant Garamond|500|||||||&#8220; header_3_text_color=&#8220;#FFFFFF&#8220; header_3_font_size=&#8220;36px&#8220; header_3_line_height=&#8220;1.2em&#8220; header_4_font=&#8220;Cormorant Garamond|500|||||||&#8220; header_4_text_color=&#8220;#FFFFFF&#8220; header_4_font_size=&#8220;24px&#8220; header_4_line_height=&#8220;1.3em&#8220; header_5_font=&#8220;Cormorant Garamond|500|||||||&#8220; header_5_text_color=&#8220;#FFFFFF&#8220; header_5_font_size=&#8220;20px&#8220; header_5_line_height=&#8220;1.4em&#8220; header_6_font=&#8220;Cormorant Garamond|500|||||||&#8220; header_6_text_color=&#8220;#FFFFFF&#8220; header_6_font_size=&#8220;18px&#8220; header_6_line_height=&#8220;1.4em&#8220; text_orientation=&#8220;center&#8220; quote_font_size_tablet=&#8220;20px&#8220; quote_font_size_phone=&#8220;16px&#8220; quote_font_size_last_edited=&#8220;on|desktop&#8220; header_font_size_tablet=&#8220;40px&#8220; header_font_size_phone=&#8220;26px&#8220; header_font_size_last_edited=&#8220;on|desktop&#8220; header_2_font_size_tablet=&#8220;32px&#8220; header_2_font_size_phone=&#8220;22px&#8220; header_2_font_size_last_edited=&#8220;on|desktop&#8220; header_3_font_size_tablet=&#8220;24px&#8220; header_3_font_size_phone=&#8220;20px&#8220; header_3_font_size_last_edited=&#8220;on|desktop&#8220; header_4_font_size_tablet=&#8220;20px&#8220; header_4_font_size_phone=&#8220;18px&#8220; header_4_font_size_last_edited=&#8220;on|desktop&#8220; header_5_font_size_tablet=&#8220;18px&#8220; header_5_font_size_phone=&#8220;17px&#8220; header_5_font_size_last_edited=&#8220;on|desktop&#8220; header_6_font_size_tablet=&#8220;17px&#8220; header_6_font_size_phone=&#8220;16px&#8220; header_6_font_size_last_edited=&#8220;on|desktop&#8220; global_colors_info=&#8220;{%22gcid-672c49ec-b8cc-4f22-a785-dec4ee1498c5%22:%91%22link_text_color%22,%22quote_text_color%22,%22quote_border_color%22%93}&#8220;]@ET-DC@eyJkeW5hbWljIjp0cnVlLCJjb250ZW50IjoiY3VycmVudF9kYXRlIiwic2V0dGluZ3MiOnsiYmVmb3JlIjoiQ29weXJpZ2h0ICZjb3B5OyAiLCJhZnRlciI6IiBEaXZpLiBBbGwgUmlnaHRzIFJlc2VydmVkLiIsImRhdGVfZm9ybWF0IjoiY3VzdG9tIiwiY3VzdG9tX2RhdGVfZm9ybWF0IjoiWSJ9fQ==@[\/et_pb_text][\/et_pb_column][\/et_pb_row][\/et_pb_section][et_pb_section fb_built=&#8220;1&#8243; theme_builder_area=&#8220;post_content&#8220; specialty=&#8220;on&#8220; _builder_version=&#8220;4.15.1&#8243; _module_preset=&#8220;default&#8220;][et_pb_column type=&#8220;2_3&#8243; specialty_columns=&#8220;2&#8243; theme_builder_area=&#8220;post_content&#8220;][et_pb_row_inner _builder_version=&#8220;4.15.1&#8243; _module_preset=&#8220;default&#8220; column_structure=&#8220;1_2,1_2&#8243; theme_builder_area=&#8220;post_content&#8220;][et_pb_column_inner saved_specialty_column_type=&#8220;2_3&#8243; _builder_version=&#8220;4.15.1&#8243; _module_preset=&#8220;default&#8220; type=&#8220;1_2&#8243; theme_builder_area=&#8220;post_content&#8220;][et_pb_image src=&#8220;http:\/\/159.edukovac.xyz\/wp-content\/uploads\/2025\/10\/zap.png&#8220; _builder_version=&#8220;4.15.1&#8243; _module_preset=&#8220;default&#8220; theme_builder_area=&#8220;post_content&#8220; title_text=&#8220;zap&#8220; hover_enabled=&#8220;0&#8243; sticky_enabled=&#8220;0&#8243; width=&#8220;100%&#8220; box_shadow_style=&#8220;preset1&#8243;][\/et_pb_image][\/et_pb_column_inner][et_pb_column_inner saved_specialty_column_type=&#8220;2_3&#8243; _builder_version=&#8220;4.15.1&#8243; _module_preset=&#8220;default&#8220; type=&#8220;1_2&#8243; theme_builder_area=&#8220;post_content&#8220;][et_pb_text _builder_version=&#8220;4.15.1&#8243; _module_preset=&#8220;default&#8220; theme_builder_area=&#8220;post_content&#8220; text_orientation=&#8220;right&#8220; text_line_height=&#8220;1.8em&#8220; text_font=&#8220;Adamina||||||||&#8220; filter_saturate=&#8220;102%&#8220; animation_style=&#8220;roll&#8220; animation_duration=&#8220;1400ms&#8220; animation_direction=&#8220;right&#8220; header_font=&#8220;Adamina||||||||&#8220; header_font_size=&#8220;1px&#8220; hover_enabled=&#8220;0&#8243; sticky_enabled=&#8220;0&#8243;]<\/p>\n<h4 style=\"text-align: right;\">Levo je bookstagram nalog gde pri\u010damo o knjigama, piscima, putovanjima i drugih zabavnim stvarima.<br \/>\u010cesto se organizuju darivanja i kvizovi. USKA\u010cI!<\/h4>\n<p>[\/et_pb_text][\/et_pb_column_inner][\/et_pb_row_inner][\/et_pb_column][et_pb_column type=&#8220;1_3&#8243; theme_builder_area=&#8220;post_content&#8220;][\/et_pb_column][\/et_pb_section]<\/p>\n","protected":false},"excerpt":{"rendered":"<p>Hvala ti \u0161to si svratio\/la u moj svet knjiga. Svaka stranica koju pro\u010dita\u0161 i svaka misao koju podelimo zna\u010de vi\u0161e nego \u0161to mo\u017ee\u0161 da zamisli\u0161. Ako ti se dopala moja knjiga, podr\u017ei njen put \u2013 pro\u010ditaj je, preporu\u010di prijatelju ili ostavi komentar. Do slede\u0107e pri\u010de \u2014 neka te re\u010di uvek inspiri\u0161u. \ud83d\udcd6\u2728Levo je bookstagram nalog [&hellip;]<\/p>\n","protected":false},"author":1,"featured_media":0,"parent":0,"menu_order":0,"comment_status":"closed","ping_status":"closed","template":"","meta":{"_et_pb_use_builder":"on","_et_pb_old_content":"","_et_gb_content_width":"","footnotes":""},"class_list":["post-23","page","type-page","status-publish","hentry"],"jetpack_sharing_enabled":true,"_links":{"self":[{"href":"https:\/\/159.edukovac.xyz\/index.php\/wp-json\/wp\/v2\/pages\/23","targetHints":{"allow":["GET"]}}],"collection":[{"href":"https:\/\/159.edukovac.xyz\/index.php\/wp-json\/wp\/v2\/pages"}],"about":[{"href":"https:\/\/159.edukovac.xyz\/index.php\/wp-json\/wp\/v2\/types\/page"}],"author":[{"embeddable":true,"href":"https:\/\/159.edukovac.xyz\/index.php\/wp-json\/wp\/v2\/users\/1"}],"replies":[{"embeddable":true,"href":"https:\/\/159.edukovac.xyz\/index.php\/wp-json\/wp\/v2\/comments?post=23"}],"version-history":[{"count":6,"href":"https:\/\/159.edukovac.xyz\/index.php\/wp-json\/wp\/v2\/pages\/23\/revisions"}],"predecessor-version":[{"id":95,"href":"https:\/\/159.edukovac.xyz\/index.php\/wp-json\/wp\/v2\/pages\/23\/revisions\/95"}],"wp:attachment":[{"href":"https:\/\/159.edukovac.xyz\/index.php\/wp-json\/wp\/v2\/media?parent=23"}],"curies":[{"name":"wp","href":"https:\/\/api.w.org\/{rel}","templated":true}]}}